{"id":629,"date":"2024-06-19T15:20:30","date_gmt":"2024-06-19T15:20:30","guid":{"rendered":"https:\/\/astridravn.dk\/?page_id=629"},"modified":"2025-08-10T09:26:52","modified_gmt":"2025-08-10T09:26:52","slug":"om-cloned-16","status":"publish","type":"page","link":"https:\/\/astridravn.dk\/index.php\/om-cloned-16\/","title":{"rendered":"Udstillinger"},"content":{"rendered":"\t\t<div data-elementor-type=\"wp-page\" data-elementor-id=\"629\" class=\"elementor elementor-629\">\n\t\t\t\t\t\t<section class=\"elementor-section elementor-top-section elementor-element elementor-element-fbfd372 elementor-section-boxed elementor-section-height-default elementor-section-height-default\" data-id=\"fbfd372\" data-element_type=\"section\" data-settings=\"{&quot;_ha_eqh_enable&quot;:false}\">\n\t\t\t\t\t\t<div class=\"elementor-container elementor-column-gap-default\">\n\t\t\t\t\t<div class=\"elementor-column elementor-col-100 elementor-top-column elementor-element elementor-element-1eecd78\" data-id=\"1eecd78\" data-element_type=\"column\">\n\t\t\t<div class=\"elementor-widget-wrap elementor-element-populated\">\n\t\t\t\t\t\t<div class=\"elementor-element elementor-element-7f39b23 elementor-widget elementor-widget-text-editor\" data-id=\"7f39b23\" data-element_type=\"widget\" data-widget_type=\"text-editor.default\">\n\t\t\t\t<div class=\"elementor-widget-container\">\n\t\t\t<style>\/*! elementor - v3.22.0 - 24-06-2024 *\/\n.elementor-widget-text-editor.elementor-drop-cap-view-stacked .elementor-drop-cap{background-color:#69727d;color:#fff}.elementor-widget-text-editor.elementor-drop-cap-view-framed .elementor-drop-cap{color:#69727d;border:3px solid;background-color:transparent}.elementor-widget-text-editor:not(.elementor-drop-cap-view-default) .elementor-drop-cap{margin-top:8px}.elementor-widget-text-editor:not(.elementor-drop-cap-view-default) .elementor-drop-cap-letter{width:1em;height:1em}.elementor-widget-text-editor .elementor-drop-cap{float:left;text-align:center;line-height:1;font-size:50px}.elementor-widget-text-editor .elementor-drop-cap-letter{display:inline-block}<\/style>\t\t\t\t<h1><strong>CENSUREREDE UDSTILLINGER<\/strong><\/h1><ul><li>Den censurerede udstilling Hiller\u00f8d Kunstdage<\/li><li>Kunsthuset Annaborg<\/li><\/ul><h1><strong>UDSTILLINGER<\/strong><\/h1><ul><li>Ramb\u00f8ll<\/li><li>DTU, Ris\u00f8<\/li><li>Egmont<\/li><li>Zealand Pharma<\/li><li>Movia<\/li><li>Fures\u00f8 R\u00e5dhus<\/li><li>Egedal R\u00e5dhus<\/li><li>FOA<\/li><li>Nybolig Farum<\/li><li>Danske Bank Herlev<\/li><li>Helsing\u00f8r kunstgalleri<\/li><li>Kunst i Midten \u2013 \u00c5BNE Atelier d\u00f8re<\/li><li>Galleri ArtDanmark, Hiller\u00f8d<\/li><li>Galleri Dolone, R\u00f8rholmsgade, Kbh.<\/li><li>Galleri Spontan, R\u00f8rholmsgade, Kbh.<\/li><li>Galleri Lab-Art, Gothersgade, Kbh.<\/li><li>Galleri GAL<\/li><li>Sm\u00f8rum R\u00e5dhus<\/li><li>Musicon, Roskilde<\/li><li>Kvinder og Kunst, Frederiksborg Hallen, Hiller\u00f8d<\/li><li>Skovg\u00e5rden, Fures\u00f8 kommune<\/li><li>Sm\u00f8rum Kulturhus<\/li><li>S\u00f8nders\u00f8skolen, V\u00e6rl\u00f8se<\/li><li>X-porten, Hundested Havn<\/li><li>Langes Magasin, Frederikssund<\/li><li>Farum Kulturhus<\/li><li>Fures\u00f8 Kunstforening<\/li><li>V\u00e6rl\u00f8se Bibliotek<\/li><li>Sundhedscenteret Hiller\u00f8d<\/li><li>Sk\u00e6vinge Kunstforening<\/li><li><span lang=\"DA\">Omsorgscenteret L\u00e6rkeg\u00e5rden, Herlev kommune<\/span><\/li><li>Ganl\u00f8se Kulturhus<\/li><\/ul>\t\t\t\t\t\t<\/div>\n\t\t\t\t<\/div>\n\t\t\t\t\t<\/div>\n\t\t<\/div>\n\t\t\t\t\t<\/div>\n\t\t<\/section>\n\t\t\t\t<\/div>\n\t\t","protected":false},"excerpt":{"rendered":"<p>CENSUREREDE UDSTILLINGER Den censurerede udstilling Hiller\u00f8d Kunstdage Kunsthuset Annaborg UDSTILLINGER Ramb\u00f8ll DTU, Ris\u00f8 Egmont Zealand Pharma Movia Fures\u00f8 R\u00e5dhus Egedal R\u00e5dhus FOA Nybolig Farum Danske Bank Herlev Helsing\u00f8r kunstgalleri Kunst i Midten \u2013 \u00c5BNE Atelier d\u00f8re Galleri ArtDanmark, Hiller\u00f8d Galleri Dolone, R\u00f8rholmsgade, Kbh. Galleri Spontan, R\u00f8rholmsgade, Kbh. Galleri Lab-Art, Gothersgade, Kbh. Galleri GAL Sm\u00f8rum R\u00e5dhus [&hellip;]<\/p>\n","protected":false},"author":1,"featured_media":0,"parent":0,"menu_order":0,"comment_status":"closed","ping_status":"closed","template":"","meta":{"ocean_post_layout":"full-screen","ocean_both_sidebars_style":"","ocean_both_sidebars_content_width":0,"ocean_both_sidebars_sidebars_width":0,"ocean_sidebar":"0","ocean_second_sidebar":"0","ocean_disable_margins":"on","ocean_add_body_class":"","ocean_shortcode_before_top_bar":"","ocean_shortcode_after_top_bar":"","ocean_shortcode_before_header":"","ocean_shortcode_after_header":"","ocean_has_shortcode":"","ocean_shortcode_after_title":"","ocean_shortcode_before_footer_widgets":"","ocean_shortcode_after_footer_widgets":"","ocean_shortcode_before_footer_bottom":"","ocean_shortcode_after_footer_bottom":"","ocean_display_top_bar":"default","ocean_display_header":"default","ocean_header_style":"","ocean_center_header_left_menu":"0","ocean_custom_header_template":"0","ocean_custom_logo":0,"ocean_custom_retina_logo":0,"ocean_custom_logo_max_width":0,"ocean_custom_logo_tablet_max_width":0,"ocean_custom_logo_mobile_max_width":0,"ocean_custom_logo_max_height":0,"ocean_custom_logo_tablet_max_height":0,"ocean_custom_logo_mobile_max_height":0,"ocean_header_custom_menu":"0","ocean_menu_typo_font_family":"0","ocean_menu_typo_font_subset":"","ocean_menu_typo_font_size":0,"ocean_menu_typo_font_size_tablet":0,"ocean_menu_typo_font_size_mobile":0,"ocean_menu_typo_font_size_unit":"px","ocean_menu_typo_font_weight":"","ocean_menu_typo_font_weight_tablet":"","ocean_menu_typo_font_weight_mobile":"","ocean_menu_typo_transform":"","ocean_menu_typo_transform_tablet":"","ocean_menu_typo_transform_mobile":"","ocean_menu_typo_line_height":0,"ocean_menu_typo_line_height_tablet":0,"ocean_menu_typo_line_height_mobile":0,"ocean_menu_typo_line_height_unit":"","ocean_menu_typo_spacing":0,"ocean_menu_typo_spacing_tablet":0,"ocean_menu_typo_spacing_mobile":0,"ocean_menu_typo_spacing_unit":"","ocean_menu_link_color":"","ocean_menu_link_color_hover":"","ocean_menu_link_color_active":"","ocean_menu_link_background":"","ocean_menu_link_hover_background":"","ocean_menu_link_active_background":"","ocean_menu_social_links_bg":"","ocean_menu_social_hover_links_bg":"","ocean_menu_social_links_color":"","ocean_menu_social_hover_links_color":"","ocean_disable_title":"default","ocean_disable_heading":"default","ocean_post_title":"","ocean_post_subheading":"","ocean_post_title_style":"","ocean_post_title_background_color":"","ocean_post_title_background":0,"ocean_post_title_bg_image_position":"","ocean_post_title_bg_image_attachment":"","ocean_post_title_bg_image_repeat":"","ocean_post_title_bg_image_size":"","ocean_post_title_height":0,"ocean_post_title_bg_overlay":0.5,"ocean_post_title_bg_overlay_color":"","ocean_disable_breadcrumbs":"default","ocean_breadcrumbs_color":"","ocean_breadcrumbs_separator_color":"","ocean_breadcrumbs_links_color":"","ocean_breadcrumbs_links_hover_color":"","ocean_display_footer_widgets":"default","ocean_display_footer_bottom":"default","ocean_custom_footer_template":"0","footnotes":""},"class_list":["post-629","page","type-page","status-publish","hentry","entry"],"_links":{"self":[{"href":"https:\/\/astridravn.dk\/index.php\/wp-json\/wp\/v2\/pages\/629","targetHints":{"allow":["GET"]}}],"collection":[{"href":"https:\/\/astridravn.dk\/index.php\/wp-json\/wp\/v2\/pages"}],"about":[{"href":"https:\/\/astridravn.dk\/index.php\/wp-json\/wp\/v2\/types\/page"}],"author":[{"embeddable":true,"href":"https:\/\/astridravn.dk\/index.php\/wp-json\/wp\/v2\/users\/1"}],"replies":[{"embeddable":true,"href":"https:\/\/astridravn.dk\/index.php\/wp-json\/wp\/v2\/comments?post=629"}],"version-history":[{"count":7,"href":"https:\/\/astridravn.dk\/index.php\/wp-json\/wp\/v2\/pages\/629\/revisions"}],"predecessor-version":[{"id":723,"href":"https:\/\/astridravn.dk\/index.php\/wp-json\/wp\/v2\/pages\/629\/revisions\/723"}],"wp:attachment":[{"href":"https:\/\/astridravn.dk\/index.php\/wp-json\/wp\/v2\/media?parent=629"}],"curies":[{"name":"wp","href":"https:\/\/api.w.org\/{rel}","templated":true}]}}