{"id":20,"date":"2022-04-24T16:17:02","date_gmt":"2022-04-24T16:17:02","guid":{"rendered":"https:\/\/astridravn.dk\/?page_id=20"},"modified":"2022-05-07T14:53:33","modified_gmt":"2022-05-07T14:53:33","slug":"boger","status":"publish","type":"page","link":"https:\/\/astridravn.dk\/index.php\/boger\/","title":{"rendered":"B\u00f8ger"},"content":{"rendered":"\t\t<div data-elementor-type=\"wp-page\" data-elementor-id=\"20\" class=\"elementor elementor-20\">\n\t\t\t\t\t\t<section class=\"elementor-section elementor-top-section elementor-element elementor-element-52f6af9 elementor-section-boxed elementor-section-height-default elementor-section-height-default\" data-id=\"52f6af9\" data-element_type=\"section\" data-settings=\"{&quot;_ha_eqh_enable&quot;:false}\">\n\t\t\t\t\t\t<div class=\"elementor-container elementor-column-gap-default\">\n\t\t\t\t\t<div class=\"elementor-column elementor-col-50 elementor-top-column elementor-element elementor-element-24ece8d\" data-id=\"24ece8d\" data-element_type=\"column\">\n\t\t\t<div class=\"elementor-widget-wrap elementor-element-populated\">\n\t\t\t\t\t\t<div class=\"elementor-element elementor-element-64df2f4 elementor-widget elementor-widget-text-editor\" data-id=\"64df2f4\" data-element_type=\"widget\" data-widget_type=\"text-editor.default\">\n\t\t\t\t<div class=\"elementor-widget-container\">\n\t\t\t<style>\/*! elementor - v3.22.0 - 24-06-2024 *\/\n.elementor-widget-text-editor.elementor-drop-cap-view-stacked .elementor-drop-cap{background-color:#69727d;color:#fff}.elementor-widget-text-editor.elementor-drop-cap-view-framed .elementor-drop-cap{color:#69727d;border:3px solid;background-color:transparent}.elementor-widget-text-editor:not(.elementor-drop-cap-view-default) .elementor-drop-cap{margin-top:8px}.elementor-widget-text-editor:not(.elementor-drop-cap-view-default) .elementor-drop-cap-letter{width:1em;height:1em}.elementor-widget-text-editor .elementor-drop-cap{float:left;text-align:center;line-height:1;font-size:50px}.elementor-widget-text-editor .elementor-drop-cap-letter{display:inline-block}<\/style>\t\t\t\t<h1 style=\"text-align: center;\"><span class=\"s1\">Verdens<b> moderen<\/b><\/span><\/h1>\n<h2 style=\"text-align: center;\"><span class=\"s1\"><b>I<\/b> kommer<b> af stjernerne<\/b><\/span><\/h2>\n<p>Denne bog er blevet til i et samarbejde med Den Sorte Madonna, Den Store Moder, som hun kalder sig selv.<\/p><p>I september 2011 var jeg p\u00e5 pilgrimsvandring i Den Sorte Madonnas fodspor ned gennem Frankrig til Spanien. N\u00e6rmere betegnet til Chartres Katedralen, Rocamadour og Monts\u00e9gur i Frankrig samt Montserrat i Spanien. Alle disse steder har Den Sorte Madonna stor betydning.<\/p><p>I Rocamadour blev jeg for f\u00f8rste gang kontaktet af hende. Hun kom til mig og lod mig m\u00e6rke hendes energi. I Montserrat blev jeg spurgt om jeg ville skrive hendes ord og viderebringe dem. Efter hjemkomsten nedskrev jeg gennem et halvt \u00e5r hendes ord. Ud af disse m\u00f8der er kommet denne bog.<\/p><p>Jeg h\u00e5ber den vil bringe gl\u00e6de og indsigt.<\/p><p>Citater fra bogen:<br>\n<em>Jesus vandrede i \u00f8rkenen p\u00e5 vej mod et m\u00e5l, som I vandrede og vandrer. Der er t\u00f8rhed og knast\u00f8rre buske. Alting st\u00f8ver og er t\u00f8rt. Men kilden springer frem p\u00e5 det allert\u00f8rreste sted.<\/em><\/p><p><em>Jeg er Maria Magdalene, en del af Den Store Moder. Da jeg gik p\u00e5 jorden, vidste jeg ikke, hvorfor jeg gik der, og hvem jeg var, s\u00e5 jeg ved hvordan det er at g\u00e5. Men fortvivl ikke, alting vil \u00e5benbares for jer, som det gjorde det for mig.<\/em><\/p>\n<p><em>Jorden drejer, tiden g\u00e5r. Jeg kommer tilbage, jeg ER tilbage. Mange bem\u00e6rker det, men de fleste \u00e6nser det ikke. Stjerne skal funkle igen. F\u00f8rst var jorden, siden kom vi.<\/em><\/p>\n<p>Du kan bestille bogen ved henvendelse til mig, Astrid Ravn p\u00e5 telefon eller mail, se under kontakt. S\u00e5 sender jeg bogen til dig.<\/p>\n<p>Pris: 149 kr inkl. forsendelse.<\/p>\t\t\t\t\t\t<\/div>\n\t\t\t\t<\/div>\n\t\t\t\t\t<\/div>\n\t\t<\/div>\n\t\t\t\t<div class=\"elementor-column elementor-col-50 elementor-top-column elementor-element elementor-element-817103f\" data-id=\"817103f\" data-element_type=\"column\">\n\t\t\t<div class=\"elementor-widget-wrap elementor-element-populated\">\n\t\t\t\t\t\t<div class=\"elementor-element elementor-element-e3431c7 elementor-widget elementor-widget-image\" data-id=\"e3431c7\" data-element_type=\"widget\" data-widget_type=\"image.default\">\n\t\t\t\t<div class=\"elementor-widget-container\">\n\t\t\t<style>\/*! elementor - v3.22.0 - 24-06-2024 *\/\n.elementor-widget-image{text-align:center}.elementor-widget-image a{display:inline-block}.elementor-widget-image a img[src$=\".svg\"]{width:48px}.elementor-widget-image img{vertical-align:middle;display:inline-block}<\/style>\t\t\t\t\t\t\t\t\t\t<img fetchpriority=\"high\" decoding=\"async\" width=\"359\" height=\"539\" src=\"https:\/\/astridravn.dk\/wp-content\/uploads\/2022\/05\/VerdensModeren.jpeg\" class=\"attachment-large size-large wp-image-203\" alt=\"\" srcset=\"https:\/\/astridravn.dk\/wp-content\/uploads\/2022\/05\/VerdensModeren.jpeg 359w, https:\/\/astridravn.dk\/wp-content\/uploads\/2022\/05\/VerdensModeren-200x300.jpeg 200w\" sizes=\"(max-width: 359px) 100vw, 359px\" \/>\t\t\t\t\t\t\t\t\t\t\t\t\t<\/div>\n\t\t\t\t<\/div>\n\t\t\t\t\t<\/div>\n\t\t<\/div>\n\t\t\t\t\t<\/div>\n\t\t<\/section>\n\t\t\t\t<section class=\"elementor-section elementor-top-section elementor-element elementor-element-25bfd3c elementor-section-boxed elementor-section-height-default elementor-section-height-default\" data-id=\"25bfd3c\" data-element_type=\"section\" data-settings=\"{&quot;_ha_eqh_enable&quot;:false}\">\n\t\t\t\t\t\t<div class=\"elementor-container elementor-column-gap-default\">\n\t\t\t\t\t<div class=\"elementor-column elementor-col-100 elementor-top-column elementor-element elementor-element-e41c5e5\" data-id=\"e41c5e5\" data-element_type=\"column\">\n\t\t\t<div class=\"elementor-widget-wrap elementor-element-populated\">\n\t\t\t\t\t\t<div class=\"elementor-element elementor-element-720f1bc elementor-widget-divider--separator-type-pattern elementor-widget-divider--view-line elementor-widget elementor-widget-divider\" data-id=\"720f1bc\" data-element_type=\"widget\" data-widget_type=\"divider.default\">\n\t\t\t\t<div class=\"elementor-widget-container\">\n\t\t\t<style>\/*! elementor - v3.22.0 - 24-06-2024 *\/\n.elementor-widget-divider{--divider-border-style:none;--divider-border-width:1px;--divider-color:#0c0d0e;--divider-icon-size:20px;--divider-element-spacing:10px;--divider-pattern-height:24px;--divider-pattern-size:20px;--divider-pattern-url:none;--divider-pattern-repeat:repeat-x}.elementor-widget-divider .elementor-divider{display:flex}.elementor-widget-divider .elementor-divider__text{font-size:15px;line-height:1;max-width:95%}.elementor-widget-divider .elementor-divider__element{margin:0 var(--divider-element-spacing);flex-shrink:0}.elementor-widget-divider .elementor-icon{font-size:var(--divider-icon-size)}.elementor-widget-divider .elementor-divider-separator{display:flex;margin:0;direction:ltr}.elementor-widget-divider--view-line_icon .elementor-divider-separator,.elementor-widget-divider--view-line_text .elementor-divider-separator{align-items:center}.elementor-widget-divider--view-line_icon .elementor-divider-separator:after,.elementor-widget-divider--view-line_icon .elementor-divider-separator:before,.elementor-widget-divider--view-line_text .elementor-divider-separator:after,.elementor-widget-divider--view-line_text .elementor-divider-separator:before{display:block;content:\"\";border-block-end:0;flex-grow:1;border-block-start:var(--divider-border-width) var(--divider-border-style) var(--divider-color)}.elementor-widget-divider--element-align-left .elementor-divider .elementor-divider-separator>.elementor-divider__svg:first-of-type{flex-grow:0;flex-shrink:100}.elementor-widget-divider--element-align-left .elementor-divider-separator:before{content:none}.elementor-widget-divider--element-align-left .elementor-divider__element{margin-left:0}.elementor-widget-divider--element-align-right .elementor-divider .elementor-divider-separator>.elementor-divider__svg:last-of-type{flex-grow:0;flex-shrink:100}.elementor-widget-divider--element-align-right .elementor-divider-separator:after{content:none}.elementor-widget-divider--element-align-right .elementor-divider__element{margin-right:0}.elementor-widget-divider--element-align-start .elementor-divider .elementor-divider-separator>.elementor-divider__svg:first-of-type{flex-grow:0;flex-shrink:100}.elementor-widget-divider--element-align-start .elementor-divider-separator:before{content:none}.elementor-widget-divider--element-align-start .elementor-divider__element{margin-inline-start:0}.elementor-widget-divider--element-align-end .elementor-divider .elementor-divider-separator>.elementor-divider__svg:last-of-type{flex-grow:0;flex-shrink:100}.elementor-widget-divider--element-align-end .elementor-divider-separator:after{content:none}.elementor-widget-divider--element-align-end .elementor-divider__element{margin-inline-end:0}.elementor-widget-divider:not(.elementor-widget-divider--view-line_text):not(.elementor-widget-divider--view-line_icon) .elementor-divider-separator{border-block-start:var(--divider-border-width) var(--divider-border-style) var(--divider-color)}.elementor-widget-divider--separator-type-pattern{--divider-border-style:none}.elementor-widget-divider--separator-type-pattern.elementor-widget-divider--view-line .elementor-divider-separator,.elementor-widget-divider--separator-type-pattern:not(.elementor-widget-divider--view-line) .elementor-divider-separator:after,.elementor-widget-divider--separator-type-pattern:not(.elementor-widget-divider--view-line) .elementor-divider-separator:before,.elementor-widget-divider--separator-type-pattern:not([class*=elementor-widget-divider--view]) .elementor-divider-separator{width:100%;min-height:var(--divider-pattern-height);-webkit-mask-size:var(--divider-pattern-size) 100%;mask-size:var(--divider-pattern-size) 100%;-webkit-mask-repeat:var(--divider-pattern-repeat);mask-repeat:var(--divider-pattern-repeat);background-color:var(--divider-color);-webkit-mask-image:var(--divider-pattern-url);mask-image:var(--divider-pattern-url)}.elementor-widget-divider--no-spacing{--divider-pattern-size:auto}.elementor-widget-divider--bg-round{--divider-pattern-repeat:round}.rtl .elementor-widget-divider .elementor-divider__text{direction:rtl}.e-con-inner>.elementor-widget-divider,.e-con>.elementor-widget-divider{width:var(--container-widget-width,100%);--flex-grow:var(--container-widget-flex-grow)}<\/style>\t\t<div class=\"elementor-divider\" style=\"--divider-pattern-url: url(&quot;data:image\/svg+xml,%3Csvg xmlns=&#039;http:\/\/www.w3.org\/2000\/svg&#039; preserveAspectRatio=&#039;none&#039; overflow=&#039;visible&#039; height=&#039;100%&#039; viewBox=&#039;0 0 24 24&#039; fill=&#039;none&#039; stroke=&#039;black&#039; stroke-width=&#039;1&#039; stroke-linecap=&#039;square&#039; stroke-miterlimit=&#039;10&#039;%3E%3Cpolyline points=&#039;0,18 12,6 24,18 &#039;\/%3E%3C\/svg%3E&quot;);\">\n\t\t\t<span class=\"elementor-divider-separator\">\n\t\t\t\t\t\t<\/span>\n\t\t<\/div>\n\t\t\t\t<\/div>\n\t\t\t\t<\/div>\n\t\t\t\t\t<\/div>\n\t\t<\/div>\n\t\t\t\t\t<\/div>\n\t\t<\/section>\n\t\t\t\t<section class=\"elementor-section elementor-top-section elementor-element elementor-element-f933512 elementor-section-boxed elementor-section-height-default elementor-section-height-default\" data-id=\"f933512\" data-element_type=\"section\" data-settings=\"{&quot;_ha_eqh_enable&quot;:false}\">\n\t\t\t\t\t\t<div class=\"elementor-container elementor-column-gap-default\">\n\t\t\t\t\t<div class=\"elementor-column elementor-col-100 elementor-top-column elementor-element elementor-element-54b72c0\" data-id=\"54b72c0\" data-element_type=\"column\">\n\t\t\t<div class=\"elementor-widget-wrap elementor-element-populated\">\n\t\t\t\t\t\t<div class=\"elementor-element elementor-element-a8e8249 elementor-widget elementor-widget-text-editor\" data-id=\"a8e8249\" data-element_type=\"widget\" data-widget_type=\"text-editor.default\">\n\t\t\t\t<div class=\"elementor-widget-container\">\n\t\t\t\t\t\t\t<h1>Anmeldelser<\/h1><p><strong>Skrevet af Finn B. Langgaard<\/strong><\/p><p>I bogen er gengivet en r\u00e6kke kanaliseringer, der er nedtaget og skrevet af Astrid Ravn. Hun er uddannet p\u00e6dagog og arbejder i dag som clairvoyant, healer og medie, samt som kunstmaler med v\u00e6gt p\u00e5 abstrakte, spirituelle malerier. I hendes malerier s\u00e6tter hun farver p\u00e5 energi. Hun udtaler: Jeg er et sensitivt menneske. Det kan jeg kun give hende ret i. Hun forst\u00e5r at synligg\u00f8re det usynlige; selve det, at bev\u00e6ge mennesker.<\/p><p>I sensommeren 2011 drog hun af sted p\u00e5 en pilgrimsvandring i de sorte madonnaers fodspor. Turen gik til fire steder, hvor de sorte mad<\/p><p>onnaer lever deres stille liv. F\u00f8rste stop var Katedralen i Chartres, s\u00e5 fulgte Rocamadour, Montsegur og Montserrat.<\/p><p>Astrid Ravn blev st\u00e6rkt p\u00e5virket af disse fire madonnaer. S\u00e5 st\u00e6rkt, at der kom en bog ud af det. Hun afgav et l\u00f8fte p\u00e5 de indre planer om at skrive denne bog. Teksterne er kanaliserede budskaber, der kom til forfatteren gennem seks m\u00e5neder. Om processen udtaler Astrid: Hun talte til mig og kaldte sig nu Den Store Moder.<\/p><p>Nu vil nogen nok sp\u00f8rge: Hvad n\u00e6rmere er de sorte madonnaer? De er en f\u00e6llesbetegnelse for en gruppe af figurer eller skulpturer, der forestiller Maria med Jesus barnet. De er tit udformet af tr\u00e6 eller sten og er brune eller sorte.\u00a0<\/p><p>Der fort\u00e6lles mange legender om dem, og mange valfarter til stederne, hvor de findes. Efter sigende kan de udl\u00f8se mirakler, visioner, \u00e5benbaringer eller transpersonlige oplevelser.\u00a0Sandheden i dette er denne bog et vidnesbyrd om. Forfatteren fik en r\u00e6kke transpersonlige oplevelser \u2013 en \u00e5benbaring.<\/p><p>De fleste sorte madonnaer findes i Frankrig og Spanien. Der findes ca. 200 sorte madonnaer af ovenn\u00e6vnte type. En sort madonna er m\u00e5ske en form for talisman? Mange af dem er fundet i naturen p\u00e5 steder, hvor der en s\u00e6rlig energi. Mange af dem dukker op eller frem i det 1100\/1200 \u00e5rhundrede. Er de sorte madonnaer en fysisk tankeform? Eller sagt p\u00e5 en anden m\u00e5de: En fysisk figur, der er med til, at skabe st\u00e6rke tankeformer, n\u00e5r den beskues. Fordi den bev\u00e6ger beskuerne p\u00e5 en helt s\u00e6rlig m\u00e5de.<\/p><p>Bogen rummer budskaber om og fra Den Store Moder samt budskaber fra Maria Magdalene, Jesus og Universet. Jeg har valgt ikke at beskrive bogens indhold n\u00e6rmere.<\/p><p>Bogen b\u00f8r l\u00e6ses som en helhed og ikke klippes ud i sm\u00e5 bidder. Jeg kan varmt anbefale at l\u00e6se bogen. Endnu bedre: Begiv dig af sted p\u00e5 en pilgrimsf\u00e6rd. Hvor du m\u00f8der madonnaernes energi. Jeg anbefaler dette, da jeg har v\u00e6ret p\u00e5 valfart til de samme steder. Lige som forfatteren drog jeg trygt af sted med Ann Bjerre, som arrangerer pilgrimsrejser og vandring.<\/p>\t\t\t\t\t\t<\/div>\n\t\t\t\t<\/div>\n\t\t\t\t\t<\/div>\n\t\t<\/div>\n\t\t\t\t\t<\/div>\n\t\t<\/section>\n\t\t\t\t<section class=\"elementor-section elementor-top-section elementor-element elementor-element-26c4f4e elementor-section-boxed elementor-section-height-default elementor-section-height-default\" data-id=\"26c4f4e\" data-element_type=\"section\" data-settings=\"{&quot;_ha_eqh_enable&quot;:false}\">\n\t\t\t\t\t\t<div class=\"elementor-container elementor-column-gap-default\">\n\t\t\t\t\t<div class=\"elementor-column elementor-col-100 elementor-top-column elementor-element elementor-element-02351e2\" data-id=\"02351e2\" data-element_type=\"column\">\n\t\t\t<div class=\"elementor-widget-wrap elementor-element-populated\">\n\t\t\t\t\t\t<div class=\"elementor-element elementor-element-9329130 elementor-widget-divider--separator-type-pattern elementor-widget-divider--view-line elementor-widget elementor-widget-divider\" data-id=\"9329130\" data-element_type=\"widget\" data-widget_type=\"divider.default\">\n\t\t\t\t<div class=\"elementor-widget-container\">\n\t\t\t\t\t<div class=\"elementor-divider\" style=\"--divider-pattern-url: url(&quot;data:image\/svg+xml,%3Csvg xmlns=&#039;http:\/\/www.w3.org\/2000\/svg&#039; preserveAspectRatio=&#039;none&#039; overflow=&#039;visible&#039; height=&#039;100%&#039; viewBox=&#039;0 0 24 24&#039; fill=&#039;none&#039; stroke=&#039;black&#039; stroke-width=&#039;1&#039; stroke-linecap=&#039;square&#039; stroke-miterlimit=&#039;10&#039;%3E%3Cpolyline points=&#039;0,18 12,6 24,18 &#039;\/%3E%3C\/svg%3E&quot;);\">\n\t\t\t<span class=\"elementor-divider-separator\">\n\t\t\t\t\t\t<\/span>\n\t\t<\/div>\n\t\t\t\t<\/div>\n\t\t\t\t<\/div>\n\t\t\t\t\t<\/div>\n\t\t<\/div>\n\t\t\t\t\t<\/div>\n\t\t<\/section>\n\t\t\t\t<section class=\"elementor-section elementor-top-section elementor-element elementor-element-1471ab8 elementor-section-boxed elementor-section-height-default elementor-section-height-default\" data-id=\"1471ab8\" data-element_type=\"section\" data-settings=\"{&quot;_ha_eqh_enable&quot;:false}\">\n\t\t\t\t\t\t<div class=\"elementor-container elementor-column-gap-default\">\n\t\t\t\t\t<div class=\"elementor-column elementor-col-50 elementor-top-column elementor-element elementor-element-607509d\" data-id=\"607509d\" data-element_type=\"column\">\n\t\t\t<div class=\"elementor-widget-wrap elementor-element-populated\">\n\t\t\t\t\t\t<div class=\"elementor-element elementor-element-89927cd elementor-widget elementor-widget-image\" data-id=\"89927cd\" data-element_type=\"widget\" data-widget_type=\"image.default\">\n\t\t\t\t<div class=\"elementor-widget-container\">\n\t\t\t\t\t\t\t\t\t\t\t\t\t<img decoding=\"async\" width=\"768\" height=\"1024\" src=\"https:\/\/astridravn.dk\/wp-content\/uploads\/2022\/05\/IMG_0752-768x1024-1.jpeg\" class=\"attachment-large size-large wp-image-333\" alt=\"\" srcset=\"https:\/\/astridravn.dk\/wp-content\/uploads\/2022\/05\/IMG_0752-768x1024-1.jpeg 768w, https:\/\/astridravn.dk\/wp-content\/uploads\/2022\/05\/IMG_0752-768x1024-1-225x300.jpeg 225w\" sizes=\"(max-width: 768px) 100vw, 768px\" \/>\t\t\t\t\t\t\t\t\t\t\t\t\t<\/div>\n\t\t\t\t<\/div>\n\t\t\t\t\t<\/div>\n\t\t<\/div>\n\t\t\t\t<div class=\"elementor-column elementor-col-50 elementor-top-column elementor-element elementor-element-85d6451\" data-id=\"85d6451\" data-element_type=\"column\">\n\t\t\t<div class=\"elementor-widget-wrap elementor-element-populated\">\n\t\t\t\t\t\t<div class=\"elementor-element elementor-element-6922c04 elementor-widget elementor-widget-text-editor\" data-id=\"6922c04\" data-element_type=\"widget\" data-widget_type=\"text-editor.default\">\n\t\t\t\t<div class=\"elementor-widget-container\">\n\t\t\t\t\t\t\t<h1><strong>ANMELDELSE M\u00e5nedens bog \u2013 februar 2013<\/strong><\/h1><h5><strong>Verdens Moderen\u00a0<\/strong><br \/><strong>Anmeldt af Ellen Knudsen, bibliotekar og clairvoyant\u00a0<\/strong><\/h5><p>Bogens forfatter deltog i september 2011 i en af Ann Bjerres vandringer, og vandringen var i sporet\u00a0 af \u201dDen Sorte Madonna\u201d.<\/p><p>De \u201dSorte Madonnaer\u201d\u00a0 har i mange \u00e5r v\u00e6ret et mystisk indslag i Europas kulturhistorie, og samtidig har de v\u00e6ret til stor fascination for mange mennesker.\u00a0<\/p><p>Mange af De Sorte Madonna statuer blev under reformationen h\u00e6rget og br\u00e6ndt p\u00e5 b\u00e5let. De statuer, der er tilbage, fremst\u00e5r m\u00e5ske mest som kuri\u00f8se og g\u00e5defulde fremtoninger, der af mange turister bliver betragtet som et stykke kulturhistorie. Men hvor om alting er, er det et faktum, at de stadig eksisterer som f\u00e6nomen, og denne bog er en indikation om, at de stadig \u00f8nsker at blive taget alvorligt.<\/p><p>I Rocamadour oplever Astrid Ravn en meget t\u00e6t kontakt med en af de sorte madonnaer, og hun har efterf\u00f8lgende f\u00e5et kanaliseret bogens budskab i en periode p\u00e5 omkring et halvt \u00e5r.<\/p><p>Essensen af budskabet er, at vi mennesker skal f\u00e5 himlen ned p\u00e5 jorden, og vi skal g\u00e5 den nye tidsalder (Vandb\u00e6reren) i m\u00f8de uden frygt, men med et \u00e5bent hjerte og f\u00f8lge den syvende str\u00e5le. Et godt budskab \u2013 hele menneskeheden kan bruge.\u00a0<\/p><p>Bogen er som tidligere n\u00e6vnt kanaliseret, og forfatteren g\u00f8r ogs\u00e5 opm\u00e6rksom p\u00e5, at hun har bestr\u00e6bt at videregive teksten s\u00e5 korrekt som muligt. Ved l\u00e6sning af bogen er mine tanker flere gange endt ved den seneste julekalender fra DR \u201dStjernest\u00f8v\u201d. Lad os \u00f8nske, at vi nu begynder at flytte fokus fra vores hjerner til vores hjerter.<\/p>\t\t\t\t\t\t<\/div>\n\t\t\t\t<\/div>\n\t\t\t\t\t<\/div>\n\t\t<\/div>\n\t\t\t\t\t<\/div>\n\t\t<\/section>\n\t\t\t\t<\/div>\n\t\t","protected":false},"excerpt":{"rendered":"<p>Verdens moderen I kommer af stjernerne Denne bog er blevet til i et samarbejde med Den Sorte Madonna, Den Store Moder, som hun kalder sig selv. I september 2011 var jeg p\u00e5 pilgrimsvandring i Den Sorte Madonnas fodspor ned gennem Frankrig til Spanien. N\u00e6rmere betegnet til Chartres Katedralen, Rocamadour og Monts\u00e9gur i Frankrig samt Montserrat [&hellip;]<\/p>\n","protected":false},"author":1,"featured_media":0,"parent":0,"menu_order":0,"comment_status":"closed","ping_status":"closed","template":"","meta":{"ocean_post_layout":"full-screen","ocean_both_sidebars_style":"","ocean_both_sidebars_content_width":0,"ocean_both_sidebars_sidebars_width":0,"ocean_sidebar":"0","ocean_second_sidebar":"0","ocean_disable_margins":"on","ocean_add_body_class":"","ocean_shortcode_before_top_bar":"","ocean_shortcode_after_top_bar":"","ocean_shortcode_before_header":"","ocean_shortcode_after_header":"","ocean_has_shortcode":"","ocean_shortcode_after_title":"","ocean_shortcode_before_footer_widgets":"","ocean_shortcode_after_footer_widgets":"","ocean_shortcode_before_footer_bottom":"","ocean_shortcode_after_footer_bottom":"","ocean_display_top_bar":"default","ocean_display_header":"default","ocean_header_style":"","ocean_center_header_left_menu":"0","ocean_custom_header_template":"0","ocean_custom_logo":0,"ocean_custom_retina_logo":0,"ocean_custom_logo_max_width":0,"ocean_custom_logo_tablet_max_width":0,"ocean_custom_logo_mobile_max_width":0,"ocean_custom_logo_max_height":0,"ocean_custom_logo_tablet_max_height":0,"ocean_custom_logo_mobile_max_height":0,"ocean_header_custom_menu":"0","ocean_menu_typo_font_family":"0","ocean_menu_typo_font_subset":"","ocean_menu_typo_font_size":0,"ocean_menu_typo_font_size_tablet":0,"ocean_menu_typo_font_size_mobile":0,"ocean_menu_typo_font_size_unit":"px","ocean_menu_typo_font_weight":"","ocean_menu_typo_font_weight_tablet":"","ocean_menu_typo_font_weight_mobile":"","ocean_menu_typo_transform":"","ocean_menu_typo_transform_tablet":"","ocean_menu_typo_transform_mobile":"","ocean_menu_typo_line_height":0,"ocean_menu_typo_line_height_tablet":0,"ocean_menu_typo_line_height_mobile":0,"ocean_menu_typo_line_height_unit":"","ocean_menu_typo_spacing":0,"ocean_menu_typo_spacing_tablet":0,"ocean_menu_typo_spacing_mobile":0,"ocean_menu_typo_spacing_unit":"","ocean_menu_link_color":"","ocean_menu_link_color_hover":"","ocean_menu_link_color_active":"","ocean_menu_link_background":"","ocean_menu_link_hover_background":"","ocean_menu_link_active_background":"","ocean_menu_social_links_bg":"","ocean_menu_social_hover_links_bg":"","ocean_menu_social_links_color":"","ocean_menu_social_hover_links_color":"","ocean_disable_title":"default","ocean_disable_heading":"default","ocean_post_title":"","ocean_post_subheading":"","ocean_post_title_style":"","ocean_post_title_background_color":"","ocean_post_title_background":0,"ocean_post_title_bg_image_position":"","ocean_post_title_bg_image_attachment":"","ocean_post_title_bg_image_repeat":"","ocean_post_title_bg_image_size":"","ocean_post_title_height":0,"ocean_post_title_bg_overlay":0.5,"ocean_post_title_bg_overlay_color":"","ocean_disable_breadcrumbs":"default","ocean_breadcrumbs_color":"","ocean_breadcrumbs_separator_color":"","ocean_breadcrumbs_links_color":"","ocean_breadcrumbs_links_hover_color":"","ocean_display_footer_widgets":"default","ocean_display_footer_bottom":"default","ocean_custom_footer_template":"0","footnotes":""},"class_list":["post-20","page","type-page","status-publish","hentry","entry"],"_links":{"self":[{"href":"https:\/\/astridravn.dk\/index.php\/wp-json\/wp\/v2\/pages\/20","targetHints":{"allow":["GET"]}}],"collection":[{"href":"https:\/\/astridravn.dk\/index.php\/wp-json\/wp\/v2\/pages"}],"about":[{"href":"https:\/\/astridravn.dk\/index.php\/wp-json\/wp\/v2\/types\/page"}],"author":[{"embeddable":true,"href":"https:\/\/astridravn.dk\/index.php\/wp-json\/wp\/v2\/users\/1"}],"replies":[{"embeddable":true,"href":"https:\/\/astridravn.dk\/index.php\/wp-json\/wp\/v2\/comments?post=20"}],"version-history":[{"count":44,"href":"https:\/\/astridravn.dk\/index.php\/wp-json\/wp\/v2\/pages\/20\/revisions"}],"predecessor-version":[{"id":351,"href":"https:\/\/astridravn.dk\/index.php\/wp-json\/wp\/v2\/pages\/20\/revisions\/351"}],"wp:attachment":[{"href":"https:\/\/astridravn.dk\/index.php\/wp-json\/wp\/v2\/media?parent=20"}],"curies":[{"name":"wp","href":"https:\/\/api.w.org\/{rel}","templated":true}]}}